{"id":340,"date":"2026-02-22T23:51:34","date_gmt":"2026-02-22T23:51:34","guid":{"rendered":"https:\/\/lmsfeirabogados.com.ar\/?page_id=340"},"modified":"2026-02-23T02:24:31","modified_gmt":"2026-02-23T02:24:31","slug":"areas-de-practica","status":"publish","type":"page","link":"https:\/\/lmsfeirabogados.com.ar\/?page_id=340","title":{"rendered":"\u00c1reas de Pr\u00e1ctica"},"content":{"rendered":"\n<details class=\"wp-block-details is-layout-flow wp-block-details-is-layout-flow\"><summary>Derecho Civil<\/summary>\n<p>En L.M. Sfeir Abogados contamos con amplia trayectoria en brindar asesoramiento a clientes corporativos y particulares en materia de reclamos derivados de la responsabilidad civil, as\u00ed como en litigios derivados de relaciones familiares, planificaci\u00f3n sucesoria, entre otros.<br>Referentes: Luis Mar\u00eda Sfeir y Santiago Luis Sfeir<\/p>\n<\/details>\n\n\n\n<details class=\"wp-block-details is-layout-flow wp-block-details-is-layout-flow\"><summary>Derecho Comercial<\/summary>\n<p>Asesoramos en todas las cuestiones de los negocios corporativos, entre ellas, contratos comerciales,\u00a0<em>joint ventures<\/em>, as\u00ed como litigios de alta complejidad en materia comercial.<br>Referentes: Luis Mar\u00eda Sfeir y Santiago Luis Sfeir<\/p>\n<\/details>\n\n\n\n<details class=\"wp-block-details is-layout-flow wp-block-details-is-layout-flow\"><summary>Derecho Societario<\/summary>\n<p>A los fines de convertirse en un aliado estrat\u00e9gico, es necesario estar presente desde el comienzo del negocio; es por ello que contamos con asesoramiento en materia de constituci\u00f3n de sociedades as\u00ed como la realizaci\u00f3n de acuerdos de accionistas, disputas entre socios, societaria, relaciones laborales, directorios, asambleas y fiscalizaci\u00f3n, y todas las tramitaciones ante los organismos de control.<br>Referente: Gisela Antonella Bonad\u00e9<\/p>\n<\/details>\n\n\n\n<details class=\"wp-block-details is-layout-flow wp-block-details-is-layout-flow\"><summary>Derecho del Trabajo<\/summary>\n<p>Contamos con amplia trayectoria en litigios de alta complejidad en materia laboral, prestando asesoramiento a empresas de primera l\u00ednea y pymes de todo el pa\u00eds.<br>Referente: Santiago Luis Sfeir<\/p>\n<\/details>\n\n\n\n<details class=\"wp-block-details is-layout-flow wp-block-details-is-layout-flow\"><summary>Real State<\/summary>\n<p>Contamos con amplia trayectoria en materia contractual en operaciones inmobiliarias, prestando asesoramiento en materia de realizaci\u00f3n de fideocomisos inmobiliarios, contratos de venta, y litigios derivados de dichas contrataciones.<br>Referente: Luis Mar\u00eda Sfeir<\/p>\n<\/details>\n\n\n\n<details class=\"wp-block-details is-layout-flow wp-block-details-is-layout-flow\"><summary>Derecho del Consumo<\/summary>\n<p>Representamos empresas y particulares en conflictos derivados de relaciones de consumo, tanto en sede administrativa como judicial.<br>Referentes: Luis Mar\u00eda Sfeir y Gisela Antonella Bonad\u00e9.<\/p>\n<\/details>\n","protected":false},"excerpt":{"rendered":"","protected":false},"author":1,"featured_media":0,"parent":0,"menu_order":0,"comment_status":"closed","ping_status":"closed","template":"","meta":{"om_disable_all_campaigns":false,"_monsterinsights_skip_tracking":false,"_monsterinsights_sitenote_active":false,"_monsterinsights_sitenote_note":"","_monsterinsights_sitenote_category":0,"footnotes":""},"class_list":["post-340","page","type-page","status-publish","hentry"],"aioseo_notices":[],"_links":{"self":[{"href":"https:\/\/lmsfeirabogados.com.ar\/index.php?rest_route=\/wp\/v2\/pages\/340","targetHints":{"allow":["GET"]}}],"collection":[{"href":"https:\/\/lmsfeirabogados.com.ar\/index.php?rest_route=\/wp\/v2\/pages"}],"about":[{"href":"https:\/\/lmsfeirabogados.com.ar\/index.php?rest_route=\/wp\/v2\/types\/page"}],"author":[{"embeddable":true,"href":"https:\/\/lmsfeirabogados.com.ar\/index.php?rest_route=\/wp\/v2\/users\/1"}],"replies":[{"embeddable":true,"href":"https:\/\/lmsfeirabogados.com.ar\/index.php?rest_route=%2Fwp%2Fv2%2Fcomments&post=340"}],"version-history":[{"count":2,"href":"https:\/\/lmsfeirabogados.com.ar\/index.php?rest_route=\/wp\/v2\/pages\/340\/revisions"}],"predecessor-version":[{"id":359,"href":"https:\/\/lmsfeirabogados.com.ar\/index.php?rest_route=\/wp\/v2\/pages\/340\/revisions\/359"}],"wp:attachment":[{"href":"https:\/\/lmsfeirabogados.com.ar\/index.php?rest_route=%2Fwp%2Fv2%2Fmedia&parent=340"}],"curies":[{"name":"wp","href":"https:\/\/api.w.org\/{rel}","templated":true}]}}